{"id":39,"date":"2022-10-24T17:53:07","date_gmt":"2022-10-24T20:53:07","guid":{"rendered":"https:\/\/lavictoriaganadero.com.ar\/?page_id=39"},"modified":"2024-10-20T01:51:55","modified_gmt":"2024-10-20T04:51:55","slug":"nosotros","status":"publish","type":"page","link":"https:\/\/lavictoriaganadero.com.ar\/en\/nosotros\/","title":{"rendered":"We"},"content":{"rendered":"<div data-elementor-type=\"wp-page\" data-elementor-id=\"39\" class=\"elementor elementor-39\" data-elementor-post-type=\"page\">\n\t\t\t\t\t\t<section class=\"elementor-section elementor-top-section elementor-element elementor-element-aee971c elementor-section-full_width elementor-section-height-min-height elementor-section-content-middle inclinado elementor-section-height-default elementor-section-items-middle\" data-id=\"aee971c\" data-element_type=\"section\" data-settings=\"{&quot;background_background&quot;:&quot;classic&quot;}\">\n\t\t\t\t\t\t\t<div class=\"elementor-background-overlay\"><\/div>\n\t\t\t\t\t\t\t<div class=\"elementor-container elementor-column-gap-default\">\n\t\t\t\t\t<div class=\"elementor-column elementor-col-100 elementor-top-column elementor-element elementor-element-2412b59\" data-id=\"2412b59\" data-element_type=\"column\">\n\t\t\t<div class=\"elementor-widget-wrap elementor-element-populated\">\n\t\t\t\t\t\t<div class=\"elementor-element elementor-element-115d933 elementor-widget elementor-widget-text-editor\" data-id=\"115d933\" data-element_type=\"widget\" data-widget_type=\"text-editor.default\">\n\t\t\t\t<div class=\"elementor-widget-container\">\n\t\t\t\t\t\t\t\t\t<p>Participate in the Benefits<\/p><p>of livestock farming<\/p><p>bovine Argentina.<\/p>\t\t\t\t\t\t\t\t<\/div>\n\t\t\t\t<\/div>\n\t\t\t\t<div class=\"elementor-element elementor-element-a711ad2 elementor-align-left elementor-tablet-align-center elementor-widget elementor-widget-button\" data-id=\"a711ad2\" data-element_type=\"widget\" data-widget_type=\"button.default\">\n\t\t\t\t<div class=\"elementor-widget-container\">\n\t\t\t\t\t\t\t\t\t<div class=\"elementor-button-wrapper\">\n\t\t\t\t\t<a class=\"elementor-button elementor-button-link elementor-size-sm\" href=\"#formulario\">\n\t\t\t\t\t\t<span class=\"elementor-button-content-wrapper\">\n\t\t\t\t\t\t\t\t\t<span class=\"elementor-button-text\">Invest Now<\/span>\n\t\t\t\t\t<\/span>\n\t\t\t\t\t<\/a>\n\t\t\t\t<\/div>\n\t\t\t\t\t\t\t\t<\/div>\n\t\t\t\t<\/div>\n\t\t\t\t\t<\/div>\n\t\t<\/div>\n\t\t\t\t\t<\/div>\n\t\t<\/section>\n\t\t\t\t<section class=\"elementor-section elementor-top-section elementor-element elementor-element-cfe52d5 elementor-section-boxed elementor-section-height-default elementor-section-height-default\" data-id=\"cfe52d5\" data-element_type=\"section\">\n\t\t\t\t\t\t<div class=\"elementor-container elementor-column-gap-default\">\n\t\t\t\t\t<div class=\"elementor-column elementor-col-100 elementor-top-column elementor-element elementor-element-4bf1a74\" data-id=\"4bf1a74\" data-element_type=\"column\">\n\t\t\t<div class=\"elementor-widget-wrap elementor-element-populated\">\n\t\t\t\t\t\t<div class=\"elementor-element elementor-element-669cae2 elementor-widget elementor-widget-heading\" data-id=\"669cae2\" data-element_type=\"widget\" data-widget_type=\"heading.default\">\n\t\t\t\t<div class=\"elementor-widget-container\">\n\t\t\t\t\t<h1 class=\"elementor-heading-title elementor-size-default\">Commitment, Trust and Track Record <br> at the Agricultural and Livestock Market<\/h1>\t\t\t\t<\/div>\n\t\t\t\t<\/div>\n\t\t\t\t<div class=\"elementor-element elementor-element-2b6d0f1 elementor-widget elementor-widget-text-editor\" data-id=\"2b6d0f1\" data-element_type=\"widget\" data-widget_type=\"text-editor.default\">\n\t\t\t\t<div class=\"elementor-widget-container\">\n\t\t\t\t\t\t\t\t\t<div class=\"oIy2qc\" style=\"text-align: left;\" data-message-text=\"\u00bfQUIENES SOMOS? Somos una empresa dedicada a la Administraci\u00f3n de Inversiones ganaderas y agr\u00edcolas. Integramos un equipo interdisciplinario que se caracteriza por trabajar en un marco de profesionalismo, confianza, compromiso y con trayectoria en el mercado que respaldan nuestra labor d\u00eda tras d\u00eda, para poder brindarle absoluta confianza y tranquilidad a nuestros clientes e inversores. Nuestro principal objetivo es construir un modelo de negocio ganadero rentable y accesible para todo aquel\">We are a company dedicated to the administration of livestock and agricultural investments. We are an interdisciplinary team that works in a framework of professionalism, trust and commitment. Our track record in the market supports our work day after day, providing absolute confidence and peace of mind to our clients and investors.<\/div><div class=\"oIy2qc\" style=\"text-align: left;\" data-message-text=\"\u00bfQUIENES SOMOS? Somos una empresa dedicada a la Administraci\u00f3n de Inversiones ganaderas y agr\u00edcolas. Integramos un equipo interdisciplinario que se caracteriza por trabajar en un marco de profesionalismo, confianza, compromiso y con trayectoria en el mercado que respaldan nuestra labor d\u00eda tras d\u00eda, para poder brindarle absoluta confianza y tranquilidad a nuestros clientes e inversores. Nuestro principal objetivo es construir un modelo de negocio ganadero rentable y accesible para todo aquel\">Our main objective is to build a profitable and accessible agricultural and livestock business model for all those investors who want to participate. Why did the trust arise as an organisational model? It arose due to the great demand from people who want to invest in the countryside, but do not know how. So through this mechanism a new possibility of investing is generated, without having too much technical knowledge and advising you with the different professionals that intervene to carry out the investment without any inconvenience.<\/div>\t\t\t\t\t\t\t\t<\/div>\n\t\t\t\t<\/div>\n\t\t\t\t\t<\/div>\n\t\t<\/div>\n\t\t\t\t\t<\/div>\n\t\t<\/section>\n\t\t\t\t<section class=\"elementor-section elementor-top-section elementor-element elementor-element-a59b8ea elementor-section-full_width elementor-section-height-default elementor-section-height-default\" data-id=\"a59b8ea\" data-element_type=\"section\">\n\t\t\t\t\t\t<div class=\"elementor-container elementor-column-gap-default\">\n\t\t\t\t\t<div class=\"elementor-column elementor-col-100 elementor-top-column elementor-element elementor-element-44db3f6\" data-id=\"44db3f6\" data-element_type=\"column\">\n\t\t\t<div class=\"elementor-widget-wrap elementor-element-populated\">\n\t\t\t\t\t\t<div class=\"elementor-element elementor-element-f5ffba8 elementor--h-position-center elementor--v-position-middle elementor-arrows-position-inside elementor-pagination-position-inside elementor-widget elementor-widget-slides\" data-id=\"f5ffba8\" data-element_type=\"widget\" data-settings=\"{&quot;navigation&quot;:&quot;both&quot;,&quot;autoplay&quot;:&quot;yes&quot;,&quot;pause_on_hover&quot;:&quot;yes&quot;,&quot;pause_on_interaction&quot;:&quot;yes&quot;,&quot;autoplay_speed&quot;:5000,&quot;infinite&quot;:&quot;yes&quot;,&quot;transition&quot;:&quot;slide&quot;,&quot;transition_speed&quot;:500}\" data-widget_type=\"slides.default\">\n\t\t\t\t<div class=\"elementor-widget-container\">\n\t\t\t\t\t\t\t\t\t<div class=\"elementor-swiper\">\n\t\t\t\t\t<div class=\"elementor-slides-wrapper elementor-main-swiper swiper\" role=\"region\" aria-roledescription=\"carousel\" aria-label=\"Slides\" dir=\"ltr\" data-animation=\"fadeInUp\">\n\t\t\t\t<div class=\"swiper-wrapper elementor-slides\">\n\t\t\t\t\t\t\t\t\t\t<div class=\"elementor-repeater-item-287a0e8 swiper-slide\" role=\"group\" aria-roledescription=\"slide\"><div class=\"swiper-slide-bg\" role=\"img\"><\/div><a class=\"swiper-slide-inner\" href=\"https:\/\/lavictoriaganadero.com.ar\/en\/establecimientos\/\"><div class=\"swiper-slide-contents\"><div class=\"elementor-slide-heading\">Get to know our Establishments<\/div><div class=\"elementor-slide-description\">In this way we offer a productive investment alternative, which allows you to save on cows and be part of a sector of Argentina.\n<\/div><div  class=\"elementor-button elementor-slide-button elementor-size-sm\">See Establishments<\/div><\/div><\/a><\/div>\t\t\t\t<\/div>\n\t\t\t\t\t\t\t<\/div>\n\t\t\t\t<\/div>\n\t\t\t\t\t\t\t\t<\/div>\n\t\t\t\t<\/div>\n\t\t\t\t\t<\/div>\n\t\t<\/div>\n\t\t\t\t\t<\/div>\n\t\t<\/section>\n\t\t\t\t<section class=\"elementor-section elementor-top-section elementor-element elementor-element-6856d7c elementor-section-boxed elementor-section-height-default elementor-section-height-default\" data-id=\"6856d7c\" data-element_type=\"section\">\n\t\t\t\t\t\t<div class=\"elementor-container elementor-column-gap-default\">\n\t\t\t\t\t<div class=\"elementor-column elementor-col-100 elementor-top-column elementor-element elementor-element-7d561a1\" data-id=\"7d561a1\" data-element_type=\"column\">\n\t\t\t<div class=\"elementor-widget-wrap elementor-element-populated\">\n\t\t\t\t\t\t<div class=\"elementor-element elementor-element-b8e21d5 elementor-widget elementor-widget-heading\" data-id=\"b8e21d5\" data-element_type=\"widget\" data-widget_type=\"heading.default\">\n\t\t\t\t<div class=\"elementor-widget-container\">\n\t\t\t\t\t<h2 class=\"elementor-heading-title elementor-size-default\">The La Victoria Livestock Trust is a model that allows a more secure participation in the agricultural sector.<\/h2>\t\t\t\t<\/div>\n\t\t\t\t<\/div>\n\t\t\t\t<div class=\"elementor-element elementor-element-30d2b1e elementor-widget elementor-widget-text-editor\" data-id=\"30d2b1e\" data-element_type=\"widget\" data-widget_type=\"text-editor.default\">\n\t\t\t\t<div class=\"elementor-widget-container\">\n\t\t\t\t\t\t\t\t\t<ul><li class=\"oIy2qc\" data-message-text=\"- Somos una opci\u00f3n para ingresar al negocio agr\u00edcola-ganadero, a trav\u00e9s de una gesti\u00f3n de negocios en manos de profesionales. Ofrecemos la posibilidad de ser parte del sector productivo con mas historia en Argentina, sin la necesidad de poseer conocimientos sobre la actividad o de disponer de tiempo para ella.\">We are an option to enter the agricultural-livestock business, through business management in the hands of professionals. We offer the possibility of being part of the productive sector with more history in Argentina, without the need to have knowledge about the activity or to have time for it.<\/li><li class=\"oIy2qc\" data-message-text=\"- Llevamos a cabo la producci\u00f3n ganadera con m\u00e1xima profesionalizaci\u00f3n y seguimiento al detalle. Esta modalidad de gesti\u00f3n nos permite contar con flexibilidad en la toma de decisiones para captar siempre las mejores oportunidades que ofrece el mercado, lo que constituye una gran ventaja competitiva.\">We carry out livestock production with maximum professionalism and detailed monitoring. This type of management allows us to be flexible in our decision making to always capture the best opportunities offered by the market, which is a great competitive advantage.<\/li><li class=\"oIy2qc\" data-message-text=\"- Este sistema de inversi\u00f3n permite alcanzar un modelo agr\u00edcola-ganadero mas eficiente, ya que gracias a los fondos disponibles de los diferentes inversores, potenciamos los diferentes sectores productivos, reguardando el valor y generando rentabilidad en las inversiones.\">This investment system allows us to achieve a more efficient agricultural and livestock model, since thanks to the funds available from the different investors, we strengthen the different productive sectors, safeguarding the value and generating profitability in the investments.<\/li><li class=\"oIy2qc\" data-message-text=\"- Construimos una herramienta para invertir en ganader\u00eda, con un modelo de negocio que permite aprovechar las oportunidades de escala, eficiencia productiva y cobertura de contingencias.\">We built a tool for investing in livestock, with a business model that allows us to take advantage of opportunities for scale, production efficiency and contingency coverage.<\/li><\/ul><p>.<\/p>\t\t\t\t\t\t\t\t<\/div>\n\t\t\t\t<\/div>\n\t\t\t\t\t<\/div>\n\t\t<\/div>\n\t\t\t\t\t<\/div>\n\t\t<\/section>\n\t\t\t\t<section class=\"elementor-section elementor-top-section elementor-element elementor-element-1076e5b elementor-section-boxed elementor-section-height-default elementor-section-height-default\" data-id=\"1076e5b\" data-element_type=\"section\" id=\"formulario\" data-settings=\"{&quot;background_background&quot;:&quot;classic&quot;}\">\n\t\t\t\t\t\t\t<div class=\"elementor-background-overlay\"><\/div>\n\t\t\t\t\t\t\t<div class=\"elementor-container elementor-column-gap-default\">\n\t\t\t\t\t<div class=\"elementor-column elementor-col-100 elementor-top-column elementor-element elementor-element-d286fb1\" data-id=\"d286fb1\" data-element_type=\"column\" data-settings=\"{&quot;background_background&quot;:&quot;classic&quot;}\">\n\t\t\t<div class=\"elementor-widget-wrap elementor-element-populated\">\n\t\t\t\t\t<div class=\"elementor-background-overlay\"><\/div>\n\t\t\t\t\t\t<div class=\"elementor-element elementor-element-1aa06bb elementor-widget elementor-widget-text-editor\" data-id=\"1aa06bb\" data-element_type=\"widget\" data-widget_type=\"text-editor.default\">\n\t\t\t\t<div class=\"elementor-widget-container\">\n\t\t\t\t\t\t\t\t\t<p style=\"text-align: center;\">Participate in a<span style=\"color: #000080;\"><strong> backed investment\u00a0<\/strong><\/span><\/p><p style=\"text-align: center;\">by professionals in the field<\/p>\t\t\t\t\t\t\t\t<\/div>\n\t\t\t\t<\/div>\n\t\t\t\t<div class=\"elementor-element elementor-element-e99d804 elementor-button-align-center elementor-widget elementor-widget-form\" data-id=\"e99d804\" data-element_type=\"widget\" data-settings=\"{&quot;step_next_label&quot;:&quot;Next&quot;,&quot;step_previous_label&quot;:&quot;Previous&quot;,&quot;button_width&quot;:&quot;100&quot;,&quot;step_type&quot;:&quot;number_text&quot;,&quot;step_icon_shape&quot;:&quot;circle&quot;}\" data-widget_type=\"form.default\">\n\t\t\t\t<div class=\"elementor-widget-container\">\n\t\t\t\t\t\t\t<form class=\"elementor-form\" method=\"post\" name=\"Inversion\" action=\"\">\n\t\t\t<input type=\"hidden\" name=\"post_id\" value=\"39\"\/>\n\t\t\t<input type=\"hidden\" name=\"form_id\" value=\"e99d804\"\/>\n\t\t\t<input type=\"hidden\" name=\"referer_title\" value=\"\" \/>\n\n\t\t\t\n\t\t\t<div class=\"elementor-form-fields-wrapper elementor-labels-above\">\n\t\t\t\t\t\t\t\t<div class=\"elementor-field-type-text elementor-field-group elementor-column elementor-field-group-name elementor-col-100 elementor-field-required elementor-mark-required\">\n\t\t\t\t\t\t\t\t\t\t\t\t<label for=\"form-field-name\" class=\"elementor-field-label\">\n\t\t\t\t\t\t\t\tName\t\t\t\t\t\t\t<\/label>\n\t\t\t\t\t\t\t\t\t\t\t\t\t\t<input size=\"1\" type=\"text\" name=\"form_fields[name]\" id=\"form-field-name\" class=\"elementor-field elementor-size-md  elementor-field-textual\" required=\"required\">\n\t\t\t\t\t\t\t\t\t\t\t<\/div>\n\t\t\t\t\t\t\t\t<div class=\"elementor-field-type-text elementor-field-group elementor-column elementor-field-group-email elementor-col-100 elementor-field-required elementor-mark-required\">\n\t\t\t\t\t\t\t\t\t\t\t\t<label for=\"form-field-email\" class=\"elementor-field-label\">\n\t\t\t\t\t\t\t\tSurname\t\t\t\t\t\t\t<\/label>\n\t\t\t\t\t\t\t\t\t\t\t\t\t\t<input size=\"1\" type=\"text\" name=\"form_fields[email]\" id=\"form-field-email\" class=\"elementor-field elementor-size-md  elementor-field-textual\" required=\"required\">\n\t\t\t\t\t\t\t\t\t\t\t<\/div>\n\t\t\t\t\t\t\t\t<div class=\"elementor-field-type-radio elementor-field-group elementor-column elementor-field-group-message elementor-col-100 elementor-field-required elementor-mark-required\">\n\t\t\t\t\t\t\t\t\t\t\t\t<label for=\"form-field-message\" class=\"elementor-field-label\">\n\t\t\t\t\t\t\t\tWhat are you interested in investing in?\t\t\t\t\t\t\t<\/label>\n\t\t\t\t\t\t<div class=\"elementor-field-subgroup  elementor-subgroup-inline\"><span class=\"elementor-field-option\"><input type=\"radio\" value=\"Ganader\u00eda\" id=\"form-field-message-0\" name=\"form_fields[message]\" required=\"required\"> <label for=\"form-field-message-0\">Livestock<\/label><\/span><span class=\"elementor-field-option\"><input type=\"radio\" value=\"Agricultura\" id=\"form-field-message-1\" name=\"form_fields[message]\" required=\"required\"> <label for=\"form-field-message-1\">Agriculture<\/label><\/span><span class=\"elementor-field-option\"><input type=\"radio\" value=\"Ambos\" id=\"form-field-message-2\" name=\"form_fields[message]\" required=\"required\"> <label for=\"form-field-message-2\">Both<\/label><\/span><\/div>\t\t\t\t<\/div>\n\t\t\t\t\t\t\t\t<div class=\"elementor-field-type-number elementor-field-group elementor-column elementor-field-group-field_5b42dd7 elementor-col-100\">\n\t\t\t\t\t\t\t\t\t\t\t\t<label for=\"form-field-field_5b42dd7\" class=\"elementor-field-label\">\n\t\t\t\t\t\t\t\tMobile phone number\t\t\t\t\t\t\t<\/label>\n\t\t\t\t\t\t\t\t\t<input type=\"number\" name=\"form_fields[field_5b42dd7]\" id=\"form-field-field_5b42dd7\" class=\"elementor-field elementor-size-md  elementor-field-textual\" placeholder=\"+54 9 11 1111 1111\" min=\"\" max=\"\" >\n\t\t\t\t\t\t<\/div>\n\t\t\t\t\t\t\t\t<div class=\"elementor-field-type-email elementor-field-group elementor-column elementor-field-group-field_38db7bb elementor-col-100 elementor-field-required elementor-mark-required\">\n\t\t\t\t\t\t\t\t\t\t\t\t<label for=\"form-field-field_38db7bb\" class=\"elementor-field-label\">\n\t\t\t\t\t\t\t\tEmail\t\t\t\t\t\t\t<\/label>\n\t\t\t\t\t\t\t\t\t\t\t\t\t\t<input size=\"1\" type=\"email\" name=\"form_fields[field_38db7bb]\" id=\"form-field-field_38db7bb\" class=\"elementor-field elementor-size-md  elementor-field-textual\" required=\"required\">\n\t\t\t\t\t\t\t\t\t\t\t<\/div>\n\t\t\t\t\t\t\t\t<div class=\"elementor-field-group elementor-column elementor-field-type-submit elementor-col-100 e-form__buttons\">\n\t\t\t\t\t<button class=\"elementor-button elementor-size-md\" type=\"submit\">\n\t\t\t\t\t\t<span class=\"elementor-button-content-wrapper\">\n\t\t\t\t\t\t\t\t\t\t\t\t\t\t\t\t\t\t\t\t\t\t<span class=\"elementor-button-text\">Send<\/span>\n\t\t\t\t\t\t\t\t\t\t\t\t\t<\/span>\n\t\t\t\t\t<\/button>\n\t\t\t\t<\/div>\n\t\t\t<\/div>\n\t\t<input type=\"hidden\" name=\"trp-form-language\" value=\"en\"\/><\/form>\n\t\t\t\t\t\t<\/div>\n\t\t\t\t<\/div>\n\t\t\t\t\t<\/div>\n\t\t<\/div>\n\t\t\t\t\t<\/div>\n\t\t<\/section>\n\t\t\t\t<\/div>","protected":false},"excerpt":{"rendered":"<p>Participa de los Beneficios de la ganader\u00eda bovina Argentina. Invert\u00ed Ahora Compromiso, Confianza y Trayectoria en el Mercado Agr\u00edcola &#8211; Ganadero Somos una empresa dedicada a la Administraci\u00f3n de Inversiones ganaderas y agr\u00edcolas. Integramos un equipo interdisciplinario que se caracteriza por trabajar en un marco de profesionalismo, confianza y compromiso. Nuestra trayectoria en el mercado [&hellip;]<\/p>","protected":false},"author":3,"featured_media":0,"parent":0,"menu_order":0,"comment_status":"closed","ping_status":"closed","template":"","meta":{"footnotes":""},"class_list":["post-39","page","type-page","status-publish","hentry"],"_links":{"self":[{"href":"https:\/\/lavictoriaganadero.com.ar\/en\/wp-json\/wp\/v2\/pages\/39","targetHints":{"allow":["GET"]}}],"collection":[{"href":"https:\/\/lavictoriaganadero.com.ar\/en\/wp-json\/wp\/v2\/pages"}],"about":[{"href":"https:\/\/lavictoriaganadero.com.ar\/en\/wp-json\/wp\/v2\/types\/page"}],"author":[{"embeddable":true,"href":"https:\/\/lavictoriaganadero.com.ar\/en\/wp-json\/wp\/v2\/users\/3"}],"replies":[{"embeddable":true,"href":"https:\/\/lavictoriaganadero.com.ar\/en\/wp-json\/wp\/v2\/comments?post=39"}],"version-history":[{"count":160,"href":"https:\/\/lavictoriaganadero.com.ar\/en\/wp-json\/wp\/v2\/pages\/39\/revisions"}],"predecessor-version":[{"id":1602,"href":"https:\/\/lavictoriaganadero.com.ar\/en\/wp-json\/wp\/v2\/pages\/39\/revisions\/1602"}],"wp:attachment":[{"href":"https:\/\/lavictoriaganadero.com.ar\/en\/wp-json\/wp\/v2\/media?parent=39"}],"curies":[{"name":"wp","href":"https:\/\/api.w.org\/{rel}","templated":true}]}}