{"id":39,"date":"2022-10-24T17:53:07","date_gmt":"2022-10-24T20:53:07","guid":{"rendered":"https:\/\/lavictoriaganadero.com.ar\/?page_id=39"},"modified":"2024-10-20T01:51:55","modified_gmt":"2024-10-20T04:51:55","slug":"nosotros","status":"publish","type":"page","link":"https:\/\/lavictoriaganadero.com.ar\/it\/nosotros\/","title":{"rendered":"Noi"},"content":{"rendered":"<div data-elementor-type=\"wp-page\" data-elementor-id=\"39\" class=\"elementor elementor-39\" data-elementor-post-type=\"page\">\n\t\t\t\t\t\t<section class=\"elementor-section elementor-top-section elementor-element elementor-element-aee971c elementor-section-full_width elementor-section-height-min-height elementor-section-content-middle inclinado elementor-section-height-default elementor-section-items-middle\" data-id=\"aee971c\" data-element_type=\"section\" data-settings=\"{&quot;background_background&quot;:&quot;classic&quot;}\">\n\t\t\t\t\t\t\t<div class=\"elementor-background-overlay\"><\/div>\n\t\t\t\t\t\t\t<div class=\"elementor-container elementor-column-gap-default\">\n\t\t\t\t\t<div class=\"elementor-column elementor-col-100 elementor-top-column elementor-element elementor-element-2412b59\" data-id=\"2412b59\" data-element_type=\"column\">\n\t\t\t<div class=\"elementor-widget-wrap elementor-element-populated\">\n\t\t\t\t\t\t<div class=\"elementor-element elementor-element-115d933 elementor-widget elementor-widget-text-editor\" data-id=\"115d933\" data-element_type=\"widget\" data-widget_type=\"text-editor.default\">\n\t\t\t\t<div class=\"elementor-widget-container\">\n\t\t\t\t\t\t\t\t\t<p>Partecipare ai benefici<\/p><p>dell'allevamento di bestiame<\/p><p>Argentina bovina.<\/p>\t\t\t\t\t\t\t\t<\/div>\n\t\t\t\t<\/div>\n\t\t\t\t<div class=\"elementor-element elementor-element-a711ad2 elementor-align-left elementor-tablet-align-center elementor-widget elementor-widget-button\" data-id=\"a711ad2\" data-element_type=\"widget\" data-widget_type=\"button.default\">\n\t\t\t\t<div class=\"elementor-widget-container\">\n\t\t\t\t\t\t\t\t\t<div class=\"elementor-button-wrapper\">\n\t\t\t\t\t<a class=\"elementor-button elementor-button-link elementor-size-sm\" href=\"#formulario\">\n\t\t\t\t\t\t<span class=\"elementor-button-content-wrapper\">\n\t\t\t\t\t\t\t\t\t<span class=\"elementor-button-text\">Investire ora<\/span>\n\t\t\t\t\t<\/span>\n\t\t\t\t\t<\/a>\n\t\t\t\t<\/div>\n\t\t\t\t\t\t\t\t<\/div>\n\t\t\t\t<\/div>\n\t\t\t\t\t<\/div>\n\t\t<\/div>\n\t\t\t\t\t<\/div>\n\t\t<\/section>\n\t\t\t\t<section class=\"elementor-section elementor-top-section elementor-element elementor-element-cfe52d5 elementor-section-boxed elementor-section-height-default elementor-section-height-default\" data-id=\"cfe52d5\" data-element_type=\"section\">\n\t\t\t\t\t\t<div class=\"elementor-container elementor-column-gap-default\">\n\t\t\t\t\t<div class=\"elementor-column elementor-col-100 elementor-top-column elementor-element elementor-element-4bf1a74\" data-id=\"4bf1a74\" data-element_type=\"column\">\n\t\t\t<div class=\"elementor-widget-wrap elementor-element-populated\">\n\t\t\t\t\t\t<div class=\"elementor-element elementor-element-669cae2 elementor-widget elementor-widget-heading\" data-id=\"669cae2\" data-element_type=\"widget\" data-widget_type=\"heading.default\">\n\t\t\t\t<div class=\"elementor-widget-container\">\n\t\t\t\t\t<h1 class=\"elementor-heading-title elementor-size-default\">Impegno, fiducia e curriculum <br> al Mercato Agricolo e del Bestiame<\/h1>\t\t\t\t<\/div>\n\t\t\t\t<\/div>\n\t\t\t\t<div class=\"elementor-element elementor-element-2b6d0f1 elementor-widget elementor-widget-text-editor\" data-id=\"2b6d0f1\" data-element_type=\"widget\" data-widget_type=\"text-editor.default\">\n\t\t\t\t<div class=\"elementor-widget-container\">\n\t\t\t\t\t\t\t\t\t<div class=\"oIy2qc\" style=\"text-align: left;\" data-message-text=\"\u00bfQUIENES SOMOS? Somos una empresa dedicada a la Administraci\u00f3n de Inversiones ganaderas y agr\u00edcolas. Integramos un equipo interdisciplinario que se caracteriza por trabajar en un marco de profesionalismo, confianza, compromiso y con trayectoria en el mercado que respaldan nuestra labor d\u00eda tras d\u00eda, para poder brindarle absoluta confianza y tranquilidad a nuestros clientes e inversores. Nuestro principal objetivo es construir un modelo de negocio ganadero rentable y accesible para todo aquel\">Siamo una societ\u00e0 che si dedica all'amministrazione di investimenti zootecnici e agricoli. Siamo un team interdisciplinare che lavora in un quadro di professionalit\u00e0, fiducia e impegno. La nostra esperienza sul mercato sostiene il nostro lavoro giorno dopo giorno, garantendo assoluta fiducia e tranquillit\u00e0 ai nostri clienti e investitori.<\/div><div class=\"oIy2qc\" style=\"text-align: left;\" data-message-text=\"\u00bfQUIENES SOMOS? Somos una empresa dedicada a la Administraci\u00f3n de Inversiones ganaderas y agr\u00edcolas. Integramos un equipo interdisciplinario que se caracteriza por trabajar en un marco de profesionalismo, confianza, compromiso y con trayectoria en el mercado que respaldan nuestra labor d\u00eda tras d\u00eda, para poder brindarle absoluta confianza y tranquilidad a nuestros clientes e inversores. Nuestro principal objetivo es construir un modelo de negocio ganadero rentable y accesible para todo aquel\">Il nostro obiettivo principale \u00e8 costruire un modello di business agricolo e zootecnico redditizio e accessibile a tutti gli investitori che vogliono partecipare. Perch\u00e9 \u00e8 nato il trust come modello organizzativo? \u00c8 nato dalla grande richiesta di persone che vogliono investire in campagna, ma non sanno come fare. Quindi attraverso questo meccanismo si genera una nuova possibilit\u00e0 di investire, senza avere troppe conoscenze tecniche e consigliandovi con i diversi professionisti che intervengono per realizzare l'investimento senza alcun inconveniente.<\/div>\t\t\t\t\t\t\t\t<\/div>\n\t\t\t\t<\/div>\n\t\t\t\t\t<\/div>\n\t\t<\/div>\n\t\t\t\t\t<\/div>\n\t\t<\/section>\n\t\t\t\t<section class=\"elementor-section elementor-top-section elementor-element elementor-element-a59b8ea elementor-section-full_width elementor-section-height-default elementor-section-height-default\" data-id=\"a59b8ea\" data-element_type=\"section\">\n\t\t\t\t\t\t<div class=\"elementor-container elementor-column-gap-default\">\n\t\t\t\t\t<div class=\"elementor-column elementor-col-100 elementor-top-column elementor-element elementor-element-44db3f6\" data-id=\"44db3f6\" data-element_type=\"column\">\n\t\t\t<div class=\"elementor-widget-wrap elementor-element-populated\">\n\t\t\t\t\t\t<div class=\"elementor-element elementor-element-f5ffba8 elementor--h-position-center elementor--v-position-middle elementor-arrows-position-inside elementor-pagination-position-inside elementor-widget elementor-widget-slides\" data-id=\"f5ffba8\" data-element_type=\"widget\" data-settings=\"{&quot;navigation&quot;:&quot;both&quot;,&quot;autoplay&quot;:&quot;yes&quot;,&quot;pause_on_hover&quot;:&quot;yes&quot;,&quot;pause_on_interaction&quot;:&quot;yes&quot;,&quot;autoplay_speed&quot;:5000,&quot;infinite&quot;:&quot;yes&quot;,&quot;transition&quot;:&quot;slide&quot;,&quot;transition_speed&quot;:500}\" data-widget_type=\"slides.default\">\n\t\t\t\t<div class=\"elementor-widget-container\">\n\t\t\t\t\t\t\t\t\t<div class=\"elementor-swiper\">\n\t\t\t\t\t<div class=\"elementor-slides-wrapper elementor-main-swiper swiper\" role=\"region\" aria-roledescription=\"carousel\" aria-label=\"Slides\" dir=\"ltr\" data-animation=\"fadeInUp\">\n\t\t\t\t<div class=\"swiper-wrapper elementor-slides\">\n\t\t\t\t\t\t\t\t\t\t<div class=\"elementor-repeater-item-287a0e8 swiper-slide\" role=\"group\" aria-roledescription=\"slide\"><div class=\"swiper-slide-bg\" role=\"img\"><\/div><a class=\"swiper-slide-inner\" href=\"https:\/\/lavictoriaganadero.com.ar\/it\/establecimientos\/\"><div class=\"swiper-slide-contents\"><div class=\"elementor-slide-heading\">Conoscere i nostri stabilimenti<\/div><div class=\"elementor-slide-description\">In questo modo offriamo un'alternativa di investimento produttivo, che vi permette di risparmiare sulle vacche e di far parte di un settore dell'Argentina.\n<\/div><div  class=\"elementor-button elementor-slide-button elementor-size-sm\">Vedere Stabilimenti<\/div><\/div><\/a><\/div>\t\t\t\t<\/div>\n\t\t\t\t\t\t\t<\/div>\n\t\t\t\t<\/div>\n\t\t\t\t\t\t\t\t<\/div>\n\t\t\t\t<\/div>\n\t\t\t\t\t<\/div>\n\t\t<\/div>\n\t\t\t\t\t<\/div>\n\t\t<\/section>\n\t\t\t\t<section class=\"elementor-section elementor-top-section elementor-element elementor-element-6856d7c elementor-section-boxed elementor-section-height-default elementor-section-height-default\" data-id=\"6856d7c\" data-element_type=\"section\">\n\t\t\t\t\t\t<div class=\"elementor-container elementor-column-gap-default\">\n\t\t\t\t\t<div class=\"elementor-column elementor-col-100 elementor-top-column elementor-element elementor-element-7d561a1\" data-id=\"7d561a1\" data-element_type=\"column\">\n\t\t\t<div class=\"elementor-widget-wrap elementor-element-populated\">\n\t\t\t\t\t\t<div class=\"elementor-element elementor-element-b8e21d5 elementor-widget elementor-widget-heading\" data-id=\"b8e21d5\" data-element_type=\"widget\" data-widget_type=\"heading.default\">\n\t\t\t\t<div class=\"elementor-widget-container\">\n\t\t\t\t\t<h2 class=\"elementor-heading-title elementor-size-default\">Il La Victoria Livestock Trust \u00e8 un modello che consente una partecipazione pi\u00f9 sicura al settore agricolo.<\/h2>\t\t\t\t<\/div>\n\t\t\t\t<\/div>\n\t\t\t\t<div class=\"elementor-element elementor-element-30d2b1e elementor-widget elementor-widget-text-editor\" data-id=\"30d2b1e\" data-element_type=\"widget\" data-widget_type=\"text-editor.default\">\n\t\t\t\t<div class=\"elementor-widget-container\">\n\t\t\t\t\t\t\t\t\t<ul><li class=\"oIy2qc\" data-message-text=\"- Somos una opci\u00f3n para ingresar al negocio agr\u00edcola-ganadero, a trav\u00e9s de una gesti\u00f3n de negocios en manos de profesionales. Ofrecemos la posibilidad de ser parte del sector productivo con mas historia en Argentina, sin la necesidad de poseer conocimientos sobre la actividad o de disponer de tiempo para ella.\">Siamo un'opzione per entrare nel settore agricolo-zootecnico, attraverso una gestione aziendale nelle mani di professionisti. Offriamo la possibilit\u00e0 di far parte del settore produttivo con pi\u00f9 storia in Argentina, senza la necessit\u00e0 di avere conoscenze sull'attivit\u00e0 o di avere tempo per farlo.<\/li><li class=\"oIy2qc\" data-message-text=\"- Llevamos a cabo la producci\u00f3n ganadera con m\u00e1xima profesionalizaci\u00f3n y seguimiento al detalle. Esta modalidad de gesti\u00f3n nos permite contar con flexibilidad en la toma de decisiones para captar siempre las mejores oportunidades que ofrece el mercado, lo que constituye una gran ventaja competitiva.\">Realizziamo la produzione zootecnica con la massima professionalit\u00e0 e con un monitoraggio dettagliato. Questo tipo di gestione ci permette di essere flessibili nelle decisioni per cogliere sempre le migliori opportunit\u00e0 offerte dal mercato, il che rappresenta un grande vantaggio competitivo.<\/li><li class=\"oIy2qc\" data-message-text=\"- Este sistema de inversi\u00f3n permite alcanzar un modelo agr\u00edcola-ganadero mas eficiente, ya que gracias a los fondos disponibles de los diferentes inversores, potenciamos los diferentes sectores productivos, reguardando el valor y generando rentabilidad en las inversiones.\">Questo sistema di investimenti ci permette di ottenere un modello agricolo e zootecnico pi\u00f9 efficiente, poich\u00e9 grazie ai fondi disponibili dai diversi investitori, rafforziamo i diversi settori produttivi, salvaguardando il valore e generando redditivit\u00e0 negli investimenti.<\/li><li class=\"oIy2qc\" data-message-text=\"- Construimos una herramienta para invertir en ganader\u00eda, con un modelo de negocio que permite aprovechar las oportunidades de escala, eficiencia productiva y cobertura de contingencias.\">Abbiamo costruito uno strumento per investire nel bestiame, con un modello di business che ci permette di sfruttare le opportunit\u00e0 di scala, l'efficienza produttiva e la copertura degli imprevisti.<\/li><\/ul><p>.<\/p>\t\t\t\t\t\t\t\t<\/div>\n\t\t\t\t<\/div>\n\t\t\t\t\t<\/div>\n\t\t<\/div>\n\t\t\t\t\t<\/div>\n\t\t<\/section>\n\t\t\t\t<section class=\"elementor-section elementor-top-section elementor-element elementor-element-1076e5b elementor-section-boxed elementor-section-height-default elementor-section-height-default\" data-id=\"1076e5b\" data-element_type=\"section\" id=\"formulario\" data-settings=\"{&quot;background_background&quot;:&quot;classic&quot;}\">\n\t\t\t\t\t\t\t<div class=\"elementor-background-overlay\"><\/div>\n\t\t\t\t\t\t\t<div class=\"elementor-container elementor-column-gap-default\">\n\t\t\t\t\t<div class=\"elementor-column elementor-col-100 elementor-top-column elementor-element elementor-element-d286fb1\" data-id=\"d286fb1\" data-element_type=\"column\" data-settings=\"{&quot;background_background&quot;:&quot;classic&quot;}\">\n\t\t\t<div class=\"elementor-widget-wrap elementor-element-populated\">\n\t\t\t\t\t<div class=\"elementor-background-overlay\"><\/div>\n\t\t\t\t\t\t<div class=\"elementor-element elementor-element-1aa06bb elementor-widget elementor-widget-text-editor\" data-id=\"1aa06bb\" data-element_type=\"widget\" data-widget_type=\"text-editor.default\">\n\t\t\t\t<div class=\"elementor-widget-container\">\n\t\t\t\t\t\t\t\t\t<p style=\"text-align: center;\">Partecipare a un<span style=\"color: #000080;\"><strong> investimenti sostenuti\u00a0<\/strong><\/span><\/p><p style=\"text-align: center;\">da professionisti del settore<\/p>\t\t\t\t\t\t\t\t<\/div>\n\t\t\t\t<\/div>\n\t\t\t\t<div class=\"elementor-element elementor-element-e99d804 elementor-button-align-center elementor-widget elementor-widget-form\" data-id=\"e99d804\" data-element_type=\"widget\" data-settings=\"{&quot;step_next_label&quot;:&quot;Next&quot;,&quot;step_previous_label&quot;:&quot;Previous&quot;,&quot;button_width&quot;:&quot;100&quot;,&quot;step_type&quot;:&quot;number_text&quot;,&quot;step_icon_shape&quot;:&quot;circle&quot;}\" data-widget_type=\"form.default\">\n\t\t\t\t<div class=\"elementor-widget-container\">\n\t\t\t\t\t\t\t<form class=\"elementor-form\" method=\"post\" name=\"Inversion\" action=\"\">\n\t\t\t<input type=\"hidden\" name=\"post_id\" value=\"39\"\/>\n\t\t\t<input type=\"hidden\" name=\"form_id\" value=\"e99d804\"\/>\n\t\t\t<input type=\"hidden\" name=\"referer_title\" value=\"\" \/>\n\n\t\t\t\n\t\t\t<div class=\"elementor-form-fields-wrapper elementor-labels-above\">\n\t\t\t\t\t\t\t\t<div class=\"elementor-field-type-text elementor-field-group elementor-column elementor-field-group-name elementor-col-100 elementor-field-required elementor-mark-required\">\n\t\t\t\t\t\t\t\t\t\t\t\t<label for=\"form-field-name\" class=\"elementor-field-label\">\n\t\t\t\t\t\t\t\tNome\t\t\t\t\t\t\t<\/label>\n\t\t\t\t\t\t\t\t\t\t\t\t\t\t<input size=\"1\" type=\"text\" name=\"form_fields[name]\" id=\"form-field-name\" class=\"elementor-field elementor-size-md  elementor-field-textual\" required=\"required\">\n\t\t\t\t\t\t\t\t\t\t\t<\/div>\n\t\t\t\t\t\t\t\t<div class=\"elementor-field-type-text elementor-field-group elementor-column elementor-field-group-email elementor-col-100 elementor-field-required elementor-mark-required\">\n\t\t\t\t\t\t\t\t\t\t\t\t<label for=\"form-field-email\" class=\"elementor-field-label\">\n\t\t\t\t\t\t\t\tCognome\t\t\t\t\t\t\t<\/label>\n\t\t\t\t\t\t\t\t\t\t\t\t\t\t<input size=\"1\" type=\"text\" name=\"form_fields[email]\" id=\"form-field-email\" class=\"elementor-field elementor-size-md  elementor-field-textual\" required=\"required\">\n\t\t\t\t\t\t\t\t\t\t\t<\/div>\n\t\t\t\t\t\t\t\t<div class=\"elementor-field-type-radio elementor-field-group elementor-column elementor-field-group-message elementor-col-100 elementor-field-required elementor-mark-required\">\n\t\t\t\t\t\t\t\t\t\t\t\t<label for=\"form-field-message\" class=\"elementor-field-label\">\n\t\t\t\t\t\t\t\tIn cosa siete interessati a investire?\t\t\t\t\t\t\t<\/label>\n\t\t\t\t\t\t<div class=\"elementor-field-subgroup  elementor-subgroup-inline\"><span class=\"elementor-field-option\"><input type=\"radio\" value=\"Ganader\u00eda\" id=\"form-field-message-0\" name=\"form_fields[message]\" required=\"required\"> <label for=\"form-field-message-0\">Bestiame<\/label><\/span><span class=\"elementor-field-option\"><input type=\"radio\" value=\"Agricultura\" id=\"form-field-message-1\" name=\"form_fields[message]\" required=\"required\"> <label for=\"form-field-message-1\">Agricoltura<\/label><\/span><span class=\"elementor-field-option\"><input type=\"radio\" value=\"Ambos\" id=\"form-field-message-2\" name=\"form_fields[message]\" required=\"required\"> <label for=\"form-field-message-2\">Entrambi<\/label><\/span><\/div>\t\t\t\t<\/div>\n\t\t\t\t\t\t\t\t<div class=\"elementor-field-type-number elementor-field-group elementor-column elementor-field-group-field_5b42dd7 elementor-col-100\">\n\t\t\t\t\t\t\t\t\t\t\t\t<label for=\"form-field-field_5b42dd7\" class=\"elementor-field-label\">\n\t\t\t\t\t\t\t\tNumero di cellulare\t\t\t\t\t\t\t<\/label>\n\t\t\t\t\t\t\t\t\t<input type=\"number\" name=\"form_fields[field_5b42dd7]\" id=\"form-field-field_5b42dd7\" class=\"elementor-field elementor-size-md  elementor-field-textual\" placeholder=\"+54 9 11 1111 1111\" min=\"\" max=\"\" >\n\t\t\t\t\t\t<\/div>\n\t\t\t\t\t\t\t\t<div class=\"elementor-field-type-email elementor-field-group elementor-column elementor-field-group-field_38db7bb elementor-col-100 elementor-field-required elementor-mark-required\">\n\t\t\t\t\t\t\t\t\t\t\t\t<label for=\"form-field-field_38db7bb\" class=\"elementor-field-label\">\n\t\t\t\t\t\t\t\tEmail\t\t\t\t\t\t\t<\/label>\n\t\t\t\t\t\t\t\t\t\t\t\t\t\t<input size=\"1\" type=\"email\" name=\"form_fields[field_38db7bb]\" id=\"form-field-field_38db7bb\" class=\"elementor-field elementor-size-md  elementor-field-textual\" required=\"required\">\n\t\t\t\t\t\t\t\t\t\t\t<\/div>\n\t\t\t\t\t\t\t\t<div class=\"elementor-field-group elementor-column elementor-field-type-submit elementor-col-100 e-form__buttons\">\n\t\t\t\t\t<button class=\"elementor-button elementor-size-md\" type=\"submit\">\n\t\t\t\t\t\t<span class=\"elementor-button-content-wrapper\">\n\t\t\t\t\t\t\t\t\t\t\t\t\t\t\t\t\t\t\t\t\t\t<span class=\"elementor-button-text\">Inviare<\/span>\n\t\t\t\t\t\t\t\t\t\t\t\t\t<\/span>\n\t\t\t\t\t<\/button>\n\t\t\t\t<\/div>\n\t\t\t<\/div>\n\t\t<input type=\"hidden\" name=\"trp-form-language\" value=\"it\"\/><\/form>\n\t\t\t\t\t\t<\/div>\n\t\t\t\t<\/div>\n\t\t\t\t\t<\/div>\n\t\t<\/div>\n\t\t\t\t\t<\/div>\n\t\t<\/section>\n\t\t\t\t<\/div>","protected":false},"excerpt":{"rendered":"<p>Participa de los Beneficios de la ganader\u00eda bovina Argentina. Invert\u00ed Ahora Compromiso, Confianza y Trayectoria en el Mercado Agr\u00edcola &#8211; Ganadero Somos una empresa dedicada a la Administraci\u00f3n de Inversiones ganaderas y agr\u00edcolas. Integramos un equipo interdisciplinario que se caracteriza por trabajar en un marco de profesionalismo, confianza y compromiso. Nuestra trayectoria en el mercado [&hellip;]<\/p>","protected":false},"author":3,"featured_media":0,"parent":0,"menu_order":0,"comment_status":"closed","ping_status":"closed","template":"","meta":{"footnotes":""},"class_list":["post-39","page","type-page","status-publish","hentry"],"_links":{"self":[{"href":"https:\/\/lavictoriaganadero.com.ar\/it\/wp-json\/wp\/v2\/pages\/39","targetHints":{"allow":["GET"]}}],"collection":[{"href":"https:\/\/lavictoriaganadero.com.ar\/it\/wp-json\/wp\/v2\/pages"}],"about":[{"href":"https:\/\/lavictoriaganadero.com.ar\/it\/wp-json\/wp\/v2\/types\/page"}],"author":[{"embeddable":true,"href":"https:\/\/lavictoriaganadero.com.ar\/it\/wp-json\/wp\/v2\/users\/3"}],"replies":[{"embeddable":true,"href":"https:\/\/lavictoriaganadero.com.ar\/it\/wp-json\/wp\/v2\/comments?post=39"}],"version-history":[{"count":160,"href":"https:\/\/lavictoriaganadero.com.ar\/it\/wp-json\/wp\/v2\/pages\/39\/revisions"}],"predecessor-version":[{"id":1602,"href":"https:\/\/lavictoriaganadero.com.ar\/it\/wp-json\/wp\/v2\/pages\/39\/revisions\/1602"}],"wp:attachment":[{"href":"https:\/\/lavictoriaganadero.com.ar\/it\/wp-json\/wp\/v2\/media?parent=39"}],"curies":[{"name":"wp","href":"https:\/\/api.w.org\/{rel}","templated":true}]}}